{"id":18152,"date":"2019-05-05T14:00:00","date_gmt":"2019-05-05T07:00:00","guid":{"rendered":"https:\/\/www.neuzamariano.com\/?post_type=product&#038;p=18152"},"modified":"2026-03-19T17:37:46","modified_gmt":"2026-03-19T10:37:46","slug":"mascara-de-rosto-para-melasma-manchas","status":"publish","type":"product","link":"https:\/\/neuzamariano.com\/loja\/mascara-de-rosto-para-melasma-manchas\/","title":{"rendered":"M\u00e1scara de Rosto para Melasma \/ Manchas"},"content":{"rendered":"<h2 style=\"text-align: center\">M\u00e1scara de Rosto para Melasma<\/h2>\n<p style=\"text-align: justify\">Os raios solares e a polui\u00e7\u00e3o s\u00e3o fatores externos que desgastam as c\u00e9lulas da pele. Muitas vezes o resultado \u00e9 melasma e rugas. Esta m\u00e1scara facial tem Nano Tecnologia que permite eliminar as manchas. A pele fica macia e com a utiliza\u00e7\u00e3o regular ir\u00e1s notar uma diminui\u00e7\u00e3o substancial do melasma.<\/p>\n<p style=\"text-align: justify\">Com o que h\u00e1 de mais moderno em produtos fitoter\u00e1picos, simplesmente formulado com leite natural e purificado para hidratar a textura da pele, Plus Germe de Trigo, que \u00e9 rico em Vitamina E e Col\u00e1geno, ajuda a restaurar a elasticidade da pele e, em seguida, recupera a apar\u00eancia jovem e saud\u00e1vel sem o problema de imperfei\u00e7\u00f5es da pele.<\/p>\n<p style=\"text-align: justify\"><strong>Como usar:<\/strong><\/p>\n<p style=\"text-align: justify\">Podes usar de duas formas, na primeira molha todo o teu rosto e aplica o p\u00f3, como a tua pele est\u00e1 molhada o p\u00f3 vai ficar na tua pele. Faz movimentos circulares em todo o rosto e retira normalmente com \u00e1gua.<\/p>\n<p style=\"text-align: justify\">Tamb\u00e9m podes colocar este p\u00f3 num recipiente e juntar \u00e1gua at\u00e9 que se forme uma pasta. Aplica no rosto como se se tratasse de uma argila. Deixa actuar por 20 minutos e depois retira com \u00e1gua.<\/p>\n<p style=\"text-align: justify\"><img fetchpriority=\"high\" decoding=\"async\" class=\"alignnone wp-image-50019 size-full\" src=\"https:\/\/neuzamariano.com\/wp-content\/uploads\/2019\/05\/Mascara-de-Rosto-para-Melasma-5.jpg\" alt=\"M\u00e1scara de Rosto para Melasma\" width=\"1024\" height=\"1024\" title=\"\" srcset=\"https:\/\/neuzamariano.com\/loja\/wp-content\/uploads\/sites\/2\/2019\/05\/Mascara-de-Rosto-para-Melasma-5.jpg 1024w, https:\/\/neuzamariano.com\/loja\/wp-content\/uploads\/sites\/2\/2019\/05\/Mascara-de-Rosto-para-Melasma-5-670x670.jpg 670w, https:\/\/neuzamariano.com\/loja\/wp-content\/uploads\/sites\/2\/2019\/05\/Mascara-de-Rosto-para-Melasma-5-150x150.jpg 150w, https:\/\/neuzamariano.com\/loja\/wp-content\/uploads\/sites\/2\/2019\/05\/Mascara-de-Rosto-para-Melasma-5-300x300.jpg 300w, https:\/\/neuzamariano.com\/loja\/wp-content\/uploads\/sites\/2\/2019\/05\/Mascara-de-Rosto-para-Melasma-5-768x768.jpg 768w\" sizes=\"(max-width: 1024px) 100vw, 1024px\" \/><\/p>\n<h5 style=\"text-align: justify\">Com que regularidade usar:<\/h5>\n<p style=\"text-align: justify\">Pele seca: 1-2 vezes \/ semana<br \/>\nPele oleosa: 3-4 vezes \/ semana<\/p>\n<p style=\"text-align: justify\">Ingredientes: Milk Powder, Sodium Lauroyl Glutamate, Xylitol, Perfume, Collagen, Oryza Sativa Germ Powder, Sodium Ascorbyl Phosphate<\/p>\n","protected":false},"excerpt":{"rendered":"<p>facial mask<\/p>\n","protected":false},"featured_media":50014,"comment_status":"open","ping_status":"closed","template":"","meta":{"inline_featured_image":false},"products\/brands":[],"product_cat":[5115,8769],"product_tag":[5038,17371,22519,2092,3963,3102,4703,4451,5786,4441,3786,1938,4037,2020,4448],"class_list":{"0":"post-18152","1":"product","2":"type-product","3":"status-publish","4":"has-post-thumbnail","6":"product_cat-cuidados-de-pele","7":"product_cat-tratamentos-acne-e-manchas","8":"product_tag-armazem-krabi","9":"product_tag-black-friday","10":"product_tag-compra-1-leva-1","11":"product_tag-cosmetica-asiatica","12":"product_tag-cosmetica-natural-tailandesa","13":"product_tag-cosmetica-tailandia","14":"product_tag-menos-15-euros","15":"product_tag-esfoliantes-e-mascaras-faciais","16":"product_tag-leva-3-paga-2","17":"product_tag-manchas","18":"product_tag-mascara-de-rosto-para-melasma","19":"product_tag-melasma","20":"product_tag-menos-10e","21":"product_tag-produtos-da-tailandia","22":"product_tag-produtos-para-rosto","23":"product_shipping_class-armazem-tailandia","25":"first","26":"outofstock","27":"taxable","28":"shipping-taxable","29":"purchasable","30":"product-type-simple"},"_links":{"self":[{"href":"https:\/\/neuzamariano.com\/loja\/wp-json\/wp\/v2\/product\/18152","targetHints":{"allow":["GET"]}}],"collection":[{"href":"https:\/\/neuzamariano.com\/loja\/wp-json\/wp\/v2\/product"}],"about":[{"href":"https:\/\/neuzamariano.com\/loja\/wp-json\/wp\/v2\/types\/product"}],"replies":[{"embeddable":true,"href":"https:\/\/neuzamariano.com\/loja\/wp-json\/wp\/v2\/comments?post=18152"}],"wp:featuredmedia":[{"embeddable":true,"href":"https:\/\/neuzamariano.com\/loja\/wp-json\/wp\/v2\/media\/50014"}],"wp:attachment":[{"href":"https:\/\/neuzamariano.com\/loja\/wp-json\/wp\/v2\/media?parent=18152"}],"wp:term":[{"taxonomy":"product_brand","embeddable":true,"href":"https:\/\/neuzamariano.com\/loja\/wp-json\/wp\/v2\/products\/brands?post=18152"},{"taxonomy":"product_cat","embeddable":true,"href":"https:\/\/neuzamariano.com\/loja\/wp-json\/wp\/v2\/product_cat?post=18152"},{"taxonomy":"product_tag","embeddable":true,"href":"https:\/\/neuzamariano.com\/loja\/wp-json\/wp\/v2\/product_tag?post=18152"}],"curies":[{"name":"wp","href":"https:\/\/api.w.org\/{rel}","templated":true}]}}