{"id":93176,"date":"2023-08-16T11:08:59","date_gmt":"2023-08-16T04:08:59","guid":{"rendered":"https:\/\/neuzamariano.com\/loja\/?page_id=93176"},"modified":"2024-02-22T20:30:53","modified_gmt":"2024-02-22T13:30:53","slug":"programa-de-afiliados","status":"publish","type":"page","link":"https:\/\/neuzamariano.com\/loja\/programa-de-afiliados\/","title":{"rendered":"Programa  de afiliados"},"content":{"rendered":"\t\t<div data-elementor-type=\"wp-page\" data-elementor-id=\"93176\" class=\"elementor elementor-93176\">\n\t\t\t\t\t\t<section class=\"elementor-section elementor-top-section elementor-element elementor-element-3bf6264 elementor-section-boxed elementor-section-height-default elementor-section-height-default\" data-id=\"3bf6264\" data-element_type=\"section\" data-e-type=\"section\">\n\t\t\t\t\t\t<div class=\"elementor-container elementor-column-gap-default\">\n\t\t\t\t\t<div class=\"elementor-column elementor-col-100 elementor-top-column elementor-element elementor-element-c555649\" data-id=\"c555649\" data-element_type=\"column\" data-e-type=\"column\">\n\t\t\t<div class=\"elementor-widget-wrap elementor-element-populated\">\n\t\t\t\t\t\t<div class=\"elementor-element elementor-element-e163037 elementor-widget elementor-widget-razzi-heading\" data-id=\"e163037\" data-element_type=\"widget\" data-e-type=\"widget\" data-widget_type=\"razzi-heading.default\">\n\t\t\t\t<div class=\"elementor-widget-container\">\n\t\t\t\t\t<div class=\"razzi-heading-wrapper\"><h2 class=\"razzi-heading-title\"> Junta-te ao meu programa de afiliados!<\/h2><\/div>\t\t\t\t<\/div>\n\t\t\t\t<\/div>\n\t\t\t\t<div class=\"elementor-element elementor-element-c766aac elementor-widget elementor-widget-razzi-heading\" data-id=\"c766aac\" data-element_type=\"widget\" data-e-type=\"widget\" data-widget_type=\"razzi-heading.default\">\n\t\t\t\t<div class=\"elementor-widget-container\">\n\t\t\t\t\t<div class=\"razzi-heading-wrapper\"><h2 class=\"razzi-heading-title\"> Ganha comiss\u00f5es at\u00e9 25%!<\/h2><\/div>\t\t\t\t<\/div>\n\t\t\t\t<\/div>\n\t\t\t\t<div class=\"elementor-element elementor-element-5f2a95b elementor-widget-divider--view-line elementor-widget elementor-widget-divider\" data-id=\"5f2a95b\" data-element_type=\"widget\" data-e-type=\"widget\" data-widget_type=\"divider.default\">\n\t\t\t\t<div class=\"elementor-widget-container\">\n\t\t\t\t\t\t\t<div class=\"elementor-divider\">\n\t\t\t<span class=\"elementor-divider-separator\">\n\t\t\t\t\t\t<\/span>\n\t\t<\/div>\n\t\t\t\t\t\t<\/div>\n\t\t\t\t<\/div>\n\t\t\t\t<div class=\"elementor-element elementor-element-5dd7444 elementor-widget__width-initial elementor-widget elementor-widget-text-editor\" data-id=\"5dd7444\" data-element_type=\"widget\" data-e-type=\"widget\" data-widget_type=\"text-editor.default\">\n\t\t\t\t<div class=\"elementor-widget-container\">\n\t\t\t\t\t\t\t\t\t<p style=\"text-align: center;\">Com o meu programa de afiliados, agora podes estabelecer um <strong>rendimento passivo<\/strong> ao publicitares a minha loja aos teus seguidores ou nos teus canais sociais. D\u00e1 a descobrir a todos os<strong> maravilhosos produtos que est\u00e3o dispon\u00edveis<\/strong> e ganha at\u00e9 <strong>25% de comiss\u00e3o<\/strong> sobre cada venda que efetuares!<\/p>\t\t\t\t\t\t\t\t<\/div>\n\t\t\t\t<\/div>\n\t\t\t\t<div class=\"elementor-element elementor-element-fd4d513 elementor-widget elementor-widget-spacer\" data-id=\"fd4d513\" data-element_type=\"widget\" data-e-type=\"widget\" data-widget_type=\"spacer.default\">\n\t\t\t\t<div class=\"elementor-widget-container\">\n\t\t\t\t\t\t\t<div class=\"elementor-spacer\">\n\t\t\t<div class=\"elementor-spacer-inner\"><\/div>\n\t\t<\/div>\n\t\t\t\t\t\t<\/div>\n\t\t\t\t<\/div>\n\t\t\t\t<div class=\"elementor-element elementor-element-c74f0d0 elementor-widget elementor-widget-razzi-heading\" data-id=\"c74f0d0\" data-element_type=\"widget\" data-e-type=\"widget\" data-widget_type=\"razzi-heading.default\">\n\t\t\t\t<div class=\"elementor-widget-container\">\n\t\t\t\t\t<div class=\"razzi-heading-wrapper\"><h4 class=\"razzi-heading-title\"> Como funciona?<\/h4><\/div>\t\t\t\t<\/div>\n\t\t\t\t<\/div>\n\t\t\t\t\t<\/div>\n\t\t<\/div>\n\t\t\t\t\t<\/div>\n\t\t<\/section>\n\t\t\t\t<section class=\"elementor-section elementor-top-section elementor-element elementor-element-9ea5019 elementor-section-boxed elementor-section-height-default elementor-section-height-default\" data-id=\"9ea5019\" data-element_type=\"section\" data-e-type=\"section\">\n\t\t\t\t\t\t<div class=\"elementor-container elementor-column-gap-default\">\n\t\t\t\t\t<div class=\"elementor-column elementor-col-20 elementor-top-column elementor-element elementor-element-962bdfb\" data-id=\"962bdfb\" data-element_type=\"column\" data-e-type=\"column\">\n\t\t\t<div class=\"elementor-widget-wrap elementor-element-populated\">\n\t\t\t\t\t\t<div class=\"elementor-element elementor-element-575dd7e razzi-image-box-position--top elementor-widget elementor-widget-razzi-image-box\" data-id=\"575dd7e\" data-element_type=\"widget\" data-e-type=\"widget\" data-widget_type=\"razzi-image-box.default\">\n\t\t\t\t<div class=\"elementor-widget-container\">\n\t\t\t\t\t<div class=\"razzi-image-box transition-y razzi-image-box__icon-position--left\"> <div class=\"box-thumbnail\"><div class=\"box-zoom image-zoom\"><img decoding=\"async\" src=\"https:\/\/plugins.yithemes.com\/yith-woocommerce-affiliates\/wp-content\/uploads\/sites\/497255\/2022\/02\/01.png\" title=\"\" alt=\"\" loading=\"lazy\"><\/div> <\/div> <div class=\"box-summary\"><h6 class=\"box-title\"> Partilha<\/h6> <div class=\"box-desc\">Escreve um artigo no teu blog ou partilha os produtos nos teus canais sociais, juntamente com o teu cup\u00e3o de afiliada<\/div><\/div> <\/div>\t\t\t\t<\/div>\n\t\t\t\t<\/div>\n\t\t\t\t\t<\/div>\n\t\t<\/div>\n\t\t\t\t<div class=\"elementor-column elementor-col-20 elementor-top-column elementor-element elementor-element-e80a148\" data-id=\"e80a148\" data-element_type=\"column\" data-e-type=\"column\">\n\t\t\t<div class=\"elementor-widget-wrap elementor-element-populated\">\n\t\t\t\t\t\t<div class=\"elementor-element elementor-element-4313fb5 razzi-image-box-position--top elementor-widget elementor-widget-razzi-image-box\" data-id=\"4313fb5\" data-element_type=\"widget\" data-e-type=\"widget\" data-widget_type=\"razzi-image-box.default\">\n\t\t\t\t<div class=\"elementor-widget-container\">\n\t\t\t\t\t<div class=\"razzi-image-box transition-y razzi-image-box__icon-position--left\"> <div class=\"box-thumbnail\"><div class=\"box-zoom image-zoom\"><img decoding=\"async\" src=\"https:\/\/plugins.yithemes.com\/yith-woocommerce-affiliates\/wp-content\/uploads\/sites\/497255\/2022\/02\/02.png\" title=\"\" alt=\"\" loading=\"lazy\"><\/div> <\/div> <div class=\"box-summary\"><h6 class=\"box-title\"> Acesso<\/h6> <div class=\"box-desc\">O utilizador acessa \u00e0 loja e usa o teu cup\u00e3o de desconto ou o teu link de afiliada<\/div><\/div> <\/div>\t\t\t\t<\/div>\n\t\t\t\t<\/div>\n\t\t\t\t\t<\/div>\n\t\t<\/div>\n\t\t\t\t<div class=\"elementor-column elementor-col-20 elementor-top-column elementor-element elementor-element-e1ff1f2\" data-id=\"e1ff1f2\" data-element_type=\"column\" data-e-type=\"column\">\n\t\t\t<div class=\"elementor-widget-wrap elementor-element-populated\">\n\t\t\t\t\t\t<div class=\"elementor-element elementor-element-499165a razzi-image-box-position--top elementor-widget elementor-widget-razzi-image-box\" data-id=\"499165a\" data-element_type=\"widget\" data-e-type=\"widget\" data-widget_type=\"razzi-image-box.default\">\n\t\t\t\t<div class=\"elementor-widget-container\">\n\t\t\t\t\t<div class=\"razzi-image-box transition-y razzi-image-box__icon-position--left\"> <div class=\"box-thumbnail\"><div class=\"box-zoom image-zoom\"><img decoding=\"async\" src=\"https:\/\/plugins.yithemes.com\/yith-woocommerce-affiliates\/wp-content\/uploads\/sites\/497255\/2022\/02\/03.png\" title=\"\" alt=\"\" loading=\"lazy\"><\/div> <\/div> <div class=\"box-summary\"><h6 class=\"box-title\"> Compra<\/h6> <div class=\"box-desc\">O utilizador compra um ou mais produtos na loja<\/div><\/div> <\/div>\t\t\t\t<\/div>\n\t\t\t\t<\/div>\n\t\t\t\t\t<\/div>\n\t\t<\/div>\n\t\t\t\t<div class=\"elementor-column elementor-col-20 elementor-top-column elementor-element elementor-element-85d4b24\" data-id=\"85d4b24\" data-element_type=\"column\" data-e-type=\"column\">\n\t\t\t<div class=\"elementor-widget-wrap elementor-element-populated\">\n\t\t\t\t\t\t<div class=\"elementor-element elementor-element-8f12eab razzi-image-box-position--top elementor-widget elementor-widget-razzi-image-box\" data-id=\"8f12eab\" data-element_type=\"widget\" data-e-type=\"widget\" data-widget_type=\"razzi-image-box.default\">\n\t\t\t\t<div class=\"elementor-widget-container\">\n\t\t\t\t\t<div class=\"razzi-image-box transition-y razzi-image-box__icon-position--left\"> <div class=\"box-thumbnail\"><div class=\"box-zoom image-zoom\"><img decoding=\"async\" src=\"https:\/\/plugins.yithemes.com\/yith-woocommerce-affiliates\/wp-content\/uploads\/sites\/497255\/2022\/02\/04.png\" title=\"\" alt=\"\" loading=\"lazy\"><\/div> <\/div> <div class=\"box-summary\"><h6 class=\"box-title\"> Registo da venda<\/h6> <div class=\"box-desc\">A venda \u00e9 registrada no sistema de afiliados e vinculada ao teu perfil<\/div><\/div> <\/div>\t\t\t\t<\/div>\n\t\t\t\t<\/div>\n\t\t\t\t\t<\/div>\n\t\t<\/div>\n\t\t\t\t<div class=\"elementor-column elementor-col-20 elementor-top-column elementor-element elementor-element-1b00511\" data-id=\"1b00511\" data-element_type=\"column\" data-e-type=\"column\">\n\t\t\t<div class=\"elementor-widget-wrap elementor-element-populated\">\n\t\t\t\t\t\t<div class=\"elementor-element elementor-element-13eb369 razzi-image-box-position--top elementor-widget elementor-widget-razzi-image-box\" data-id=\"13eb369\" data-element_type=\"widget\" data-e-type=\"widget\" data-widget_type=\"razzi-image-box.default\">\n\t\t\t\t<div class=\"elementor-widget-container\">\n\t\t\t\t\t<div class=\"razzi-image-box transition-y razzi-image-box__icon-position--left\"> <div class=\"box-thumbnail\"><div class=\"box-zoom image-zoom\"><img decoding=\"async\" src=\"https:\/\/plugins.yithemes.com\/yith-woocommerce-affiliates\/wp-content\/uploads\/sites\/497255\/2022\/02\/05.png\" title=\"\" alt=\"\" loading=\"lazy\"><\/div> <\/div> <div class=\"box-summary\"><h6 class=\"box-title\"> Ganha!<\/h6> <div class=\"box-desc\">Ganha at\u00e9 25% de comiss\u00e3o sobre o pedidos feitos pelo utilizador<\/div><\/div> <\/div>\t\t\t\t<\/div>\n\t\t\t\t<\/div>\n\t\t\t\t\t<\/div>\n\t\t<\/div>\n\t\t\t\t\t<\/div>\n\t\t<\/section>\n\t\t\t\t<section class=\"elementor-section elementor-top-section elementor-element elementor-element-854b974 elementor-section-boxed elementor-section-height-default elementor-section-height-default\" data-id=\"854b974\" data-element_type=\"section\" data-e-type=\"section\">\n\t\t\t\t\t\t<div class=\"elementor-container elementor-column-gap-default\">\n\t\t\t\t\t<div class=\"elementor-column elementor-col-100 elementor-top-column elementor-element elementor-element-b83652a\" data-id=\"b83652a\" data-element_type=\"column\" data-e-type=\"column\">\n\t\t\t<div class=\"elementor-widget-wrap elementor-element-populated\">\n\t\t\t\t\t\t<div class=\"elementor-element elementor-element-6910b52 elementor-widget elementor-widget-spacer\" data-id=\"6910b52\" data-element_type=\"widget\" data-e-type=\"widget\" data-widget_type=\"spacer.default\">\n\t\t\t\t<div class=\"elementor-widget-container\">\n\t\t\t\t\t\t\t<div class=\"elementor-spacer\">\n\t\t\t<div class=\"elementor-spacer-inner\"><\/div>\n\t\t<\/div>\n\t\t\t\t\t\t<\/div>\n\t\t\t\t<\/div>\n\t\t\t\t\t<\/div>\n\t\t<\/div>\n\t\t\t\t\t<\/div>\n\t\t<\/section>\n\t\t\t\t<section class=\"elementor-section elementor-top-section elementor-element elementor-element-cb04f82 elementor-section-boxed elementor-section-height-default elementor-section-height-default\" data-id=\"cb04f82\" data-element_type=\"section\" data-e-type=\"section\">\n\t\t\t\t\t\t<div class=\"elementor-container elementor-column-gap-default\">\n\t\t\t\t\t<div class=\"elementor-column elementor-col-50 elementor-top-column elementor-element elementor-element-32c28b5\" data-id=\"32c28b5\" data-element_type=\"column\" data-e-type=\"column\">\n\t\t\t<div class=\"elementor-widget-wrap elementor-element-populated\">\n\t\t\t\t\t\t<div class=\"elementor-element elementor-element-55b5f17 elementor-align-center elementor-widget elementor-widget-razzi-button\" data-id=\"55b5f17\" data-element_type=\"widget\" data-e-type=\"widget\" data-widget_type=\"razzi-button.default\">\n\t\t\t\t<div class=\"elementor-widget-container\">\n\t\t\t\t\t        <a href=\"https:\/\/neuzamariano.com\/loja\/afiliado\/\" class=\"razzi-button-link razzi-button button-larger\">\n\t\t\t\t\t\t\t            <span class=\"razzi-svg-icon razzi-align-icon-left\">\n\t\t\t\t<i aria-hidden=\"true\" class=\"fas fa-hands-helping\"><\/i>\t\t\t<\/span>\n\t\t\t\t<span class=\"razzi-button-text\">Registo afiliado<\/span>        <\/a>\n\t\t\t\t\t\t<\/div>\n\t\t\t\t<\/div>\n\t\t\t\t\t<\/div>\n\t\t<\/div>\n\t\t\t\t<div class=\"elementor-column elementor-col-50 elementor-top-column elementor-element elementor-element-be91948\" data-id=\"be91948\" data-element_type=\"column\" data-e-type=\"column\">\n\t\t\t<div class=\"elementor-widget-wrap elementor-element-populated\">\n\t\t\t\t\t\t<div class=\"elementor-element elementor-element-1bef54c elementor-align-center elementor-widget elementor-widget-razzi-button\" data-id=\"1bef54c\" data-element_type=\"widget\" data-e-type=\"widget\" data-widget_type=\"razzi-button.default\">\n\t\t\t\t<div class=\"elementor-widget-container\">\n\t\t\t\t\t        <a href=\"https:\/\/neuzamariano.com\/loja\/afiliado\/\" target=\"_blank\" class=\"razzi-button-link razzi-button button-larger\">\n\t\t\t\t\t\t\t            <span class=\"razzi-svg-icon razzi-align-icon-left\">\n\t\t\t\t<i aria-hidden=\"true\" class=\"far fa-chart-bar\"><\/i>\t\t\t<\/span>\n\t\t\t\t<span class=\"razzi-button-text\">Painel do Afiliado<\/span>        <\/a>\n\t\t\t\t\t\t<\/div>\n\t\t\t\t<\/div>\n\t\t\t\t\t<\/div>\n\t\t<\/div>\n\t\t\t\t\t<\/div>\n\t\t<\/section>\n\t\t\t\t<section class=\"elementor-section elementor-top-section elementor-element elementor-element-62fe10a elementor-section-boxed elementor-section-height-default elementor-section-height-default\" data-id=\"62fe10a\" data-element_type=\"section\" data-e-type=\"section\">\n\t\t\t\t\t\t<div class=\"elementor-container elementor-column-gap-default\">\n\t\t\t\t\t<div class=\"elementor-column elementor-col-100 elementor-top-column elementor-element elementor-element-f6c37ce\" data-id=\"f6c37ce\" data-element_type=\"column\" data-e-type=\"column\">\n\t\t\t<div class=\"elementor-widget-wrap elementor-element-populated\">\n\t\t\t\t\t\t<div class=\"elementor-element elementor-element-699a9ec elementor-widget elementor-widget-spacer\" data-id=\"699a9ec\" data-element_type=\"widget\" data-e-type=\"widget\" data-widget_type=\"spacer.default\">\n\t\t\t\t<div class=\"elementor-widget-container\">\n\t\t\t\t\t\t\t<div class=\"elementor-spacer\">\n\t\t\t<div class=\"elementor-spacer-inner\"><\/div>\n\t\t<\/div>\n\t\t\t\t\t\t<\/div>\n\t\t\t\t<\/div>\n\t\t\t\t<div class=\"elementor-element elementor-element-990e6bb elementor-widget elementor-widget-text-editor\" data-id=\"990e6bb\" data-element_type=\"widget\" data-e-type=\"widget\" data-widget_type=\"text-editor.default\">\n\t\t\t\t<div class=\"elementor-widget-container\">\n\t\t\t\t\t\t\t\t\t<h2 style=\"text-align: center;\">Termos e detalhes<\/h2><p>Se tens uma paix\u00e3o pela cosm\u00e9tica asi\u00e1tica e o mundo dos cuidados de pele, da beleza e pelo bem-estar, ent\u00e3o esta parceria \u00e9 perfeita para ti! Junta-te a mim nesta miss\u00e3o de fazer as mulheres felizes com produtos inovadores e diretamente da fonte de conhecimento da cosm\u00e9tica asi\u00e1tica.<\/p><h4>Destinado a:<\/h4><p>\u2013 Bloggers<br \/>\u2013 Especialistas em cuidados de pele<br \/>\u2013 Influenciadores<br \/>\u2013 Algu\u00e9m interessada\/o em iniciar o seu pr\u00f3prio neg\u00f3cio e gerar rendimento passivo<\/p><h4>Como ganhar comiss\u00f5es?<\/h4><p>Quando comentas, crias v\u00eddeos ou publica\u00e7\u00f5es no teu Blog, Facebook, Twitter, Instagram, acrescenta valor a estes com o teu c\u00f3digo de desconto de 10% da minha loja. Os teus seguidores usufruem de um desconto de 10% na suas encomendas e tu ganhas uma comiss\u00e3o sobre o valor da encomenda.<\/p><p><b>A comiss\u00e3o inicial por venda \u00e9 de 8%. Cada 20 vendas adicionais sobes um escal\u00e3o de 2% at\u00e9 ao m\u00e1ximo de 25%.<\/b><\/p><p>A comiss\u00e3o \u00e9 deduzida sobre o valor total da encomenda sem IVA ou portes se existirem.<\/p><h4><span style=\"color: var(--rz-color-dark);\">Quais os benef\u00edcios?<\/span><\/h4><p>\u2013 Ganha uma comiss\u00e3o por cada venda efetiva proveniente dos utilizadores usarem o teu cup\u00e3o desconto<br \/>\u2013 Melhora o teu desempenho como afiliado e obt\u00e9m acesso a uma variedade de ofertas exclusivas, descontos e vantagens para oferecer aos teus seguidores.<br \/>\u2013 Recebes um cup\u00e3o vital\u00edcio de 10% desconto sobre o pre\u00e7o de venda recomendado em compras efetuadas no nosso site.<br \/>\u2013 Mant\u00e9m-te informado sobre as \u00faltimas novidades e promo\u00e7\u00f5es.<br \/>\u2013 Recebe ofertas exclusivas.<br \/>\u2013 Ganha comiss\u00f5es em cada venda gerada (excluindo IVA e os custos de envio) atrav\u00e9s das tuas partilhas.<br \/>\u2013 Os teus seguidores tamb\u00e9m recebem amostras adicionais em todas as compras!<\/p><h4>O meu compromisso:<\/h4><p>\u2013 Pagamentos seguros na loja para todos os teus seguidores<br \/>\u2013 Entrega r\u00e1pida e conveniente<br \/>\u2013 M\u00e1xima salvaguarda da tua privacidade e dos teus seguidores<br \/>\u2013 Um atendimento excepcional<br \/>\u2013 Personaliza\u00e7\u00e3o e total transpar\u00eancia<br \/>\u2013 Pagamento de comiss\u00f5es semanal<\/p><h4>Condi\u00e7\u00f5es:<\/h4><p>\u2013 Podes usar o teu pr\u00f3prio cup\u00e3o para o desconto mas n\u00e3o contabilizar\u00e1 para a comiss\u00e3o.<br \/>\u2013 O valor da comiss\u00e3o \u00e9 aplicado sobre o sub-total do valor da encomenda, ou seja, sobre o valor sem impostos e portes de envio.<br \/>\u2013 O cup\u00e3o tem de ser aplicado com letra mai\u00fascula sempre, caso contr\u00e1rio a comiss\u00e3o n\u00e3o \u00e9 contabilizada (Ex. cup\u00e3o que foi pedido \u201cneuza10\u201d, o cup\u00e3o criado ser\u00e1 \u201cNEUZA10\u201d.<\/p><p>PARA MAIS INFORMA\u00c7\u00d5ES CONTACTA-ME VIA\u00a0<a style=\"background-color: #ffffff;\" href=\"https:\/\/neuzamariano.com\/loja\/contactos\/\" target=\"_blank\" rel=\"noopener\">FORMUL\u00c1RIO DE CONTATO AQUI.<\/a><\/p>\t\t\t\t\t\t\t\t<\/div>\n\t\t\t\t<\/div>\n\t\t\t\t\t<\/div>\n\t\t<\/div>\n\t\t\t\t\t<\/div>\n\t\t<\/section>\n\t\t\t\t<section class=\"elementor-section elementor-top-section elementor-element elementor-element-ac79523 elementor-section-boxed elementor-section-height-default elementor-section-height-default\" data-id=\"ac79523\" data-element_type=\"section\" data-e-type=\"section\">\n\t\t\t\t\t\t<div class=\"elementor-container elementor-column-gap-default\">\n\t\t\t\t\t<div class=\"elementor-column elementor-col-50 elementor-top-column elementor-element elementor-element-75082ca\" data-id=\"75082ca\" data-element_type=\"column\" data-e-type=\"column\">\n\t\t\t<div class=\"elementor-widget-wrap elementor-element-populated\">\n\t\t\t\t\t\t<div class=\"elementor-element elementor-element-4b17e72 elementor-align-center elementor-widget elementor-widget-razzi-button\" data-id=\"4b17e72\" data-element_type=\"widget\" data-e-type=\"widget\" data-widget_type=\"razzi-button.default\">\n\t\t\t\t<div class=\"elementor-widget-container\">\n\t\t\t\t\t        <a href=\"https:\/\/neuzamariano.com\/loja\/registo-afiliado\/\" class=\"razzi-button-link razzi-button button-larger\">\n\t\t\t\t\t\t\t            <span class=\"razzi-svg-icon razzi-align-icon-left\">\n\t\t\t\t<i aria-hidden=\"true\" class=\"fas fa-hands-helping\"><\/i>\t\t\t<\/span>\n\t\t\t\t<span class=\"razzi-button-text\">Registo afiliado<\/span>        <\/a>\n\t\t\t\t\t\t<\/div>\n\t\t\t\t<\/div>\n\t\t\t\t\t<\/div>\n\t\t<\/div>\n\t\t\t\t<div class=\"elementor-column elementor-col-50 elementor-top-column elementor-element elementor-element-42ff32f\" data-id=\"42ff32f\" data-element_type=\"column\" data-e-type=\"column\">\n\t\t\t<div class=\"elementor-widget-wrap elementor-element-populated\">\n\t\t\t\t\t\t<div class=\"elementor-element elementor-element-3eafaa6 elementor-align-center elementor-widget elementor-widget-razzi-button\" data-id=\"3eafaa6\" data-element_type=\"widget\" data-e-type=\"widget\" data-widget_type=\"razzi-button.default\">\n\t\t\t\t<div class=\"elementor-widget-container\">\n\t\t\t\t\t        <a href=\"https:\/\/neuzamariano.com\/loja\/afiliado\/\" target=\"_blank\" class=\"razzi-button-link razzi-button button-larger\">\n\t\t\t\t\t\t\t            <span class=\"razzi-svg-icon razzi-align-icon-left\">\n\t\t\t\t<i aria-hidden=\"true\" class=\"far fa-chart-bar\"><\/i>\t\t\t<\/span>\n\t\t\t\t<span class=\"razzi-button-text\">Painel do Afiliado<\/span>        <\/a>\n\t\t\t\t\t\t<\/div>\n\t\t\t\t<\/div>\n\t\t\t\t\t<\/div>\n\t\t<\/div>\n\t\t\t\t\t<\/div>\n\t\t<\/section>\n\t\t\t\t<\/div>\n\t\t","protected":false},"excerpt":{"rendered":"<p>Junta-te ao meu programa de afiliados! Ganha comiss\u00f5es at\u00e9 25%! Com o meu programa de afiliados, agora podes estabelecer um rendimento passivo ao publicitares a minha loja aos teus seguidores ou nos teus canais sociais. D\u00e1 a descobrir a todos os maravilhosos produtos que est\u00e3o dispon\u00edveis e ganha at\u00e9 25% de comiss\u00e3o sobre cada venda [&hellip;]<\/p>\n","protected":false},"author":1,"featured_media":0,"parent":0,"menu_order":0,"comment_status":"closed","ping_status":"closed","template":"","meta":{"inline_featured_image":false,"footnotes":""},"class_list":["post-93176","page","type-page","status-publish","hentry"],"_links":{"self":[{"href":"https:\/\/neuzamariano.com\/loja\/wp-json\/wp\/v2\/pages\/93176","targetHints":{"allow":["GET"]}}],"collection":[{"href":"https:\/\/neuzamariano.com\/loja\/wp-json\/wp\/v2\/pages"}],"about":[{"href":"https:\/\/neuzamariano.com\/loja\/wp-json\/wp\/v2\/types\/page"}],"author":[{"embeddable":true,"href":"https:\/\/neuzamariano.com\/loja\/wp-json\/wp\/v2\/users\/1"}],"replies":[{"embeddable":true,"href":"https:\/\/neuzamariano.com\/loja\/wp-json\/wp\/v2\/comments?post=93176"}],"version-history":[{"count":0,"href":"https:\/\/neuzamariano.com\/loja\/wp-json\/wp\/v2\/pages\/93176\/revisions"}],"wp:attachment":[{"href":"https:\/\/neuzamariano.com\/loja\/wp-json\/wp\/v2\/media?parent=93176"}],"curies":[{"name":"wp","href":"https:\/\/api.w.org\/{rel}","templated":true}]}}