{"id":633,"date":"2020-10-13T09:00:26","date_gmt":"2020-10-13T02:00:26","guid":{"rendered":"http:\/\/localhost\/razzi\/?page_id=633"},"modified":"2025-10-07T10:51:48","modified_gmt":"2025-10-07T03:51:48","slug":"sobre-a-cosmetica-asiatica-tailandia-coreana-e-japonesa","status":"publish","type":"page","link":"https:\/\/neuzamariano.com\/loja\/sobre-a-cosmetica-asiatica-tailandia-coreana-e-japonesa\/","title":{"rendered":"Sobre a Cosm\u00e9tica Asi\u00e1tica"},"content":{"rendered":"\t\t<div data-elementor-type=\"wp-page\" data-elementor-id=\"633\" class=\"elementor elementor-633\">\n\t\t\t\t\t\t<section class=\"elementor-section elementor-top-section elementor-element elementor-element-a9435d9 elementor-section-boxed elementor-section-height-default elementor-section-height-default\" data-id=\"a9435d9\" data-element_type=\"section\" data-e-type=\"section\">\n\t\t\t\t\t\t<div class=\"elementor-container elementor-column-gap-extended\">\n\t\t\t\t\t<div class=\"elementor-column elementor-col-50 elementor-top-column elementor-element elementor-element-2ca6e37\" data-id=\"2ca6e37\" data-element_type=\"column\" data-e-type=\"column\">\n\t\t\t<div class=\"elementor-widget-wrap elementor-element-populated\">\n\t\t\t\t\t\t<div class=\"elementor-element elementor-element-19a047b elementor-widget elementor-widget-image\" data-id=\"19a047b\" data-element_type=\"widget\" data-e-type=\"widget\" data-widget_type=\"image.default\">\n\t\t\t\t<div class=\"elementor-widget-container\">\n\t\t\t\t\t\t\t\t\t\t\t\t\t\t\t<img fetchpriority=\"high\" decoding=\"async\" width=\"600\" height=\"649\" src=\"https:\/\/neuzamariano.com\/loja\/wp-content\/uploads\/sites\/2\/2021\/11\/cosmetica-thai.jpg\" class=\"attachment-large size-large wp-image-51994\" alt=\"cosmetica thai\" srcset=\"https:\/\/neuzamariano.com\/loja\/wp-content\/uploads\/sites\/2\/2021\/11\/cosmetica-thai.jpg 600w, https:\/\/neuzamariano.com\/loja\/wp-content\/uploads\/sites\/2\/2021\/11\/cosmetica-thai-277x300.jpg 277w\" sizes=\"(max-width: 600px) 100vw, 600px\" title=\"\">\t\t\t\t\t\t\t\t\t\t\t\t\t\t\t<\/div>\n\t\t\t\t<\/div>\n\t\t\t\t\t<\/div>\n\t\t<\/div>\n\t\t\t\t<div class=\"elementor-column elementor-col-50 elementor-top-column elementor-element elementor-element-0f3eef1\" data-id=\"0f3eef1\" data-element_type=\"column\" data-e-type=\"column\">\n\t\t\t<div class=\"elementor-widget-wrap elementor-element-populated\">\n\t\t\t\t\t\t<div class=\"elementor-element elementor-element-57f1c50 elementor-widget elementor-widget-heading\" data-id=\"57f1c50\" data-element_type=\"widget\" data-e-type=\"widget\" data-widget_type=\"heading.default\">\n\t\t\t\t<div class=\"elementor-widget-container\">\n\t\t\t\t\t<h6 class=\"elementor-heading-title elementor-size-default\">a melhor cosm\u00e9tica do mundo<\/h6>\t\t\t\t<\/div>\n\t\t\t\t<\/div>\n\t\t\t\t<div class=\"elementor-element elementor-element-b2daf09 elementor-widget elementor-widget-heading\" data-id=\"b2daf09\" data-element_type=\"widget\" data-e-type=\"widget\" data-widget_type=\"heading.default\">\n\t\t\t\t<div class=\"elementor-widget-container\">\n\t\t\t\t\t<h3 class=\"elementor-heading-title elementor-size-default\">Sobre a cosm\u00e9tica Asi\u00e1tica<\/h3>\t\t\t\t<\/div>\n\t\t\t\t<\/div>\n\t\t\t\t<div class=\"elementor-element elementor-element-20f4454 elementor-widget elementor-widget-text-editor\" data-id=\"20f4454\" data-element_type=\"widget\" data-e-type=\"widget\" data-widget_type=\"text-editor.default\">\n\t\t\t\t<div class=\"elementor-widget-container\">\n\t\t\t\t\t\t\t\t\t<p>A Ind\u00fastria da cosm\u00e9tica Asi\u00e1tica est\u00e1 a \u201canos-luz cosm\u00e9ticos\u201d comparativamente a outras zonas do planeta. \u00c9 na \u00c1sia que nascem as grandes tend\u00eancias na \u00e1rea da beleza, e por consequ\u00eancia todo o mundo anda ao ritmo do Oriente. Pa\u00edses como a Coreia, Tail\u00e2ndia e Jap\u00e3o, onde a pele \u00e9 tratada de uma forma irrepreens\u00edvel, a qualidade dos produtos \u00e9 impressionante.\u00a0\u00a0<\/p>\t\t\t\t\t\t\t\t<\/div>\n\t\t\t\t<\/div>\n\t\t\t\t\t<\/div>\n\t\t<\/div>\n\t\t\t\t\t<\/div>\n\t\t<\/section>\n\t\t\t\t<section class=\"elementor-section elementor-top-section elementor-element elementor-element-6148470 elementor-section-boxed elementor-section-height-default elementor-section-height-default\" data-id=\"6148470\" data-element_type=\"section\" data-e-type=\"section\" data-settings=\"{&quot;background_background&quot;:&quot;classic&quot;}\">\n\t\t\t\t\t\t<div class=\"elementor-container elementor-column-gap-no\">\n\t\t\t\t\t<div class=\"elementor-column elementor-col-100 elementor-top-column elementor-element elementor-element-9eac81c\" data-id=\"9eac81c\" data-element_type=\"column\" data-e-type=\"column\">\n\t\t\t<div class=\"elementor-widget-wrap elementor-element-populated\">\n\t\t\t\t\t\t<section class=\"elementor-section elementor-inner-section elementor-element elementor-element-a60adb7 elementor-section-boxed elementor-section-height-default elementor-section-height-default\" data-id=\"a60adb7\" data-element_type=\"section\" data-e-type=\"section\">\n\t\t\t\t\t\t<div class=\"elementor-container elementor-column-gap-extended\">\n\t\t\t\t\t<div class=\"elementor-column elementor-col-25 elementor-inner-column elementor-element elementor-element-6bf8181\" data-id=\"6bf8181\" data-element_type=\"column\" data-e-type=\"column\">\n\t\t\t<div class=\"elementor-widget-wrap\">\n\t\t\t\t\t\t\t<\/div>\n\t\t<\/div>\n\t\t\t\t<div class=\"elementor-column elementor-col-25 elementor-inner-column elementor-element elementor-element-e89a4b9\" data-id=\"e89a4b9\" data-element_type=\"column\" data-e-type=\"column\">\n\t\t\t<div class=\"elementor-widget-wrap elementor-element-populated\">\n\t\t\t\t\t\t<div class=\"elementor-element elementor-element-68278cf elementor-widget elementor-widget-text-editor\" data-id=\"68278cf\" data-element_type=\"widget\" data-e-type=\"widget\" data-widget_type=\"text-editor.default\">\n\t\t\t\t<div class=\"elementor-widget-container\">\n\t\t\t\t\t\t\t\t\t<p>Muitas tend\u00eancias bem conhecidas nos dias de hoje por todo o mundo nasceram na \u00c1sia, tais como: m\u00e1scaras de carv\u00e3o ativado, m\u00e1scaras faciais h\u00famidas, BB Cream, patches para olheiras.\u00a0<\/p><p>O uso de ingredientes diferentes e extremamente eficazes, tais como: ceremidas; aloe vera; cal\u00eandula; centella asi\u00e1tica; \u00e1cido hialur\u00f4nico; p\u00e9rola; ginseng; carv\u00e3o ativado; tanakha, c\u00farcuma, konjac, entre outros.<\/p>\t\t\t\t\t\t\t\t<\/div>\n\t\t\t\t<\/div>\n\t\t\t\t\t<\/div>\n\t\t<\/div>\n\t\t\t\t<div class=\"elementor-column elementor-col-25 elementor-inner-column elementor-element elementor-element-f824cf6\" data-id=\"f824cf6\" data-element_type=\"column\" data-e-type=\"column\">\n\t\t\t<div class=\"elementor-widget-wrap elementor-element-populated\">\n\t\t\t\t\t\t<div class=\"elementor-element elementor-element-22c06f6 elementor-widget elementor-widget-text-editor\" data-id=\"22c06f6\" data-element_type=\"widget\" data-e-type=\"widget\" data-widget_type=\"text-editor.default\">\n\t\t\t\t<div class=\"elementor-widget-container\">\n\t\t\t\t\t\t\t\t\t<p>A grande maioria das marcas Ocidentais, tendem a apresentar\u00a0<span style=\"font-weight: var( --e-global-typography-text-font-weight );\">na Europa\u00a0<\/span><span style=\"font-weight: var( --e-global-typography-text-font-weight );\">estas inova\u00e7\u00f5es cosm\u00e9ticas com ingredientes inovadores, como se um produto novo se tratasse.<\/span><\/p>\t\t\t\t\t\t\t\t<\/div>\n\t\t\t\t<\/div>\n\t\t\t\t<div class=\"elementor-element elementor-element-3cfaae6 elementor-widget elementor-widget-text-editor\" data-id=\"3cfaae6\" data-element_type=\"widget\" data-e-type=\"widget\" data-widget_type=\"text-editor.default\">\n\t\t\t\t<div class=\"elementor-widget-container\">\n\t\t\t\t\t\t\t\t\t<p>Na grande maioria dos casos, esses produtos de<a href=\"https:\/\/neuzamariano.com\/loja-cosmetica-asiatica\/\"> cosm\u00e9tica asi\u00e1tica<\/a> j\u00e1 existem em circula\u00e7\u00e3o no mercado mais a oriente. Tento assim manter a loja atualizada para que tenhas acesso sempre aos melhores produtos mundiais de cosm\u00e9tica.<\/p>\t\t\t\t\t\t\t\t<\/div>\n\t\t\t\t<\/div>\n\t\t\t\t\t<\/div>\n\t\t<\/div>\n\t\t\t\t<div class=\"elementor-column elementor-col-25 elementor-inner-column elementor-element elementor-element-dd09803\" data-id=\"dd09803\" data-element_type=\"column\" data-e-type=\"column\">\n\t\t\t<div class=\"elementor-widget-wrap\">\n\t\t\t\t\t\t\t<\/div>\n\t\t<\/div>\n\t\t\t\t\t<\/div>\n\t\t<\/section>\n\t\t\t\t<div class=\"elementor-element elementor-element-9a0f3e5 elementor-align-center elementor-widget elementor-widget-razzi-button\" data-id=\"9a0f3e5\" data-element_type=\"widget\" data-e-type=\"widget\" data-widget_type=\"razzi-button.default\">\n\t\t\t\t<div class=\"elementor-widget-container\">\n\t\t\t\t\t        <a href=\"https:\/\/neuzamariano.com\/loja-cosmetica-asiatica\/produtos\/\" class=\"razzi-button-link razzi-button\">\n\t\t\t\t\t\t\t\t\t<span class=\"razzi-button-text\">Ver a loja<\/span>        <\/a>\n\t\t\t\t\t\t<\/div>\n\t\t\t\t<\/div>\n\t\t\t\t\t<\/div>\n\t\t<\/div>\n\t\t\t\t\t<\/div>\n\t\t<\/section>\n\t\t\t\t<section class=\"elementor-section elementor-top-section elementor-element elementor-element-d546ecf elementor-section-boxed elementor-section-height-default elementor-section-height-default\" data-id=\"d546ecf\" data-element_type=\"section\" data-e-type=\"section\">\n\t\t\t\t\t\t<div class=\"elementor-container elementor-column-gap-extended\">\n\t\t\t\t\t<div class=\"elementor-column elementor-col-50 elementor-top-column elementor-element elementor-element-d2c4dae\" data-id=\"d2c4dae\" data-element_type=\"column\" data-e-type=\"column\">\n\t\t\t<div class=\"elementor-widget-wrap elementor-element-populated\">\n\t\t\t\t\t\t<div class=\"elementor-element elementor-element-44106c2 elementor-widget elementor-widget-heading\" data-id=\"44106c2\" data-element_type=\"widget\" data-e-type=\"widget\" data-widget_type=\"heading.default\">\n\t\t\t\t<div class=\"elementor-widget-container\">\n\t\t\t\t\t<h6 class=\"elementor-heading-title elementor-size-default\">soBRE MIM<\/h6>\t\t\t\t<\/div>\n\t\t\t\t<\/div>\n\t\t\t\t<div class=\"elementor-element elementor-element-571e772 elementor-widget elementor-widget-heading\" data-id=\"571e772\" data-element_type=\"widget\" data-e-type=\"widget\" data-widget_type=\"heading.default\">\n\t\t\t\t<div class=\"elementor-widget-container\">\n\t\t\t\t\t<h3 class=\"elementor-heading-title elementor-size-default\">A MINHA HIST\u00d3RIA<\/h3>\t\t\t\t<\/div>\n\t\t\t\t<\/div>\n\t\t\t\t<div class=\"elementor-element elementor-element-92f7a50 elementor-widget__width-initial elementor-widget elementor-widget-text-editor\" data-id=\"92f7a50\" data-element_type=\"widget\" data-e-type=\"widget\" data-widget_type=\"text-editor.default\">\n\t\t\t\t<div class=\"elementor-widget-container\">\n\t\t\t\t\t\t\t\t\t<p data-pm-slice=\"1 1 []\"><strong>Sobre Neuza Mariano: Uma Paix\u00e3o pela Cosm\u00e9tica Asi\u00e1tica<\/strong><\/p><p>Bem-vindo ao meu mundo! Sou Neuza Mariano, uma entusiasta e exploradora apaixonada pela cosm\u00e9tica asi\u00e1tica, com um olhar especial sobre os produtos da Coreia do Sul, do Jap\u00e3o e da Tail\u00e2ndia. Este \u00e9 um espa\u00e7o onde partilho a minha paix\u00e3o por tradi\u00e7\u00f5es de beleza que combinam natureza, inova\u00e7\u00e3o e um profundo respeito pelo bem-estar.<\/p><h3>Como Tudo Come\u00e7ou<\/h3><p>Desde cedo, sempre tive uma curiosidade imensa por diferentes culturas e pela forma como as pessoas ao redor do mundo cuidam de si mesmas. No entanto, foi na cosm\u00e9tica asi\u00e1tica que encontrei algo verdadeiramente especial. Tudo come\u00e7ou com a minha descoberta do famoso \u201critual de 10 passos\u201d da Coreia do Sul \u2013 uma abordagem \u00fanica que vai muito al\u00e9m do cuidado com a pele. Trata-se de um momento de autoamor, onde cada passo \u00e9 projetado para nutrir n\u00e3o apenas a pele, mas tamb\u00e9m a mente.<\/p>\t\t\t\t\t\t\t\t<\/div>\n\t\t\t\t<\/div>\n\t\t\t\t\t<\/div>\n\t\t<\/div>\n\t\t\t\t<div class=\"elementor-column elementor-col-50 elementor-top-column elementor-element elementor-element-42aaa27\" data-id=\"42aaa27\" data-element_type=\"column\" data-e-type=\"column\">\n\t\t\t<div class=\"elementor-widget-wrap elementor-element-populated\">\n\t\t\t\t\t\t<div class=\"elementor-element elementor-element-e7bc62e elementor-widget elementor-widget-image\" data-id=\"e7bc62e\" data-element_type=\"widget\" data-e-type=\"widget\" data-widget_type=\"image.default\">\n\t\t\t\t<div class=\"elementor-widget-container\">\n\t\t\t\t\t\t\t\t\t\t\t\t\t\t\t<img decoding=\"async\" width=\"640\" height=\"901\" src=\"https:\/\/neuzamariano.com\/loja\/wp-content\/uploads\/sites\/2\/2021\/03\/Linha-de-Shampoo-e-Amaciador-Solidos-Neuza-Mariano-12-1-727x1024.jpeg\" class=\"attachment-large size-large wp-image-50642\" alt=\"\" srcset=\"https:\/\/neuzamariano.com\/loja\/wp-content\/uploads\/sites\/2\/2021\/03\/Linha-de-Shampoo-e-Amaciador-Solidos-Neuza-Mariano-12-1-727x1024.jpeg 727w, https:\/\/neuzamariano.com\/loja\/wp-content\/uploads\/sites\/2\/2021\/03\/Linha-de-Shampoo-e-Amaciador-Solidos-Neuza-Mariano-12-1-670x943.jpeg 670w, https:\/\/neuzamariano.com\/loja\/wp-content\/uploads\/sites\/2\/2021\/03\/Linha-de-Shampoo-e-Amaciador-Solidos-Neuza-Mariano-12-1-213x300.jpeg 213w, https:\/\/neuzamariano.com\/loja\/wp-content\/uploads\/sites\/2\/2021\/03\/Linha-de-Shampoo-e-Amaciador-Solidos-Neuza-Mariano-12-1-768x1081.jpeg 768w, https:\/\/neuzamariano.com\/loja\/wp-content\/uploads\/sites\/2\/2021\/03\/Linha-de-Shampoo-e-Amaciador-Solidos-Neuza-Mariano-12-1.jpeg 897w\" sizes=\"(max-width: 640px) 100vw, 640px\" title=\"\">\t\t\t\t\t\t\t\t\t\t\t\t\t\t\t<\/div>\n\t\t\t\t<\/div>\n\t\t\t\t\t<\/div>\n\t\t<\/div>\n\t\t\t\t\t<\/div>\n\t\t<\/section>\n\t\t<div class=\"elementor-element elementor-element-12a3dd9 e-flex e-con-boxed e-con e-parent\" data-id=\"12a3dd9\" data-element_type=\"container\" data-e-type=\"container\">\n\t\t\t\t\t<div class=\"e-con-inner\">\n\t\t\t\t<div class=\"elementor-element elementor-element-7000039 elementor-widget__width-initial elementor-widget elementor-widget-text-editor\" data-id=\"7000039\" data-element_type=\"widget\" data-e-type=\"widget\" data-widget_type=\"text-editor.default\">\n\t\t\t\t<div class=\"elementor-widget-container\">\n\t\t\t\t\t\t\t\t\t<p>Nessa jornada inicial, fiquei fascinada com os ingredientes \u00fanicos, como mucina de caracol, centella asi\u00e1tica e niacinamida, que rapidamente se tornaram os meus favoritos. Mais do que isso, percebi como a cosm\u00e9tica coreana (K-Beauty) valoriza a preven\u00e7\u00e3o e o cuidado a longo prazo, em vez de solu\u00e7\u00f5es r\u00e1pidas e tempor\u00e1rias.<\/p><h3>Descobrindo o Jap\u00e3o: Eleg\u00e2ncia e Minimalismo<\/h3><p>A medida que aprofundava o meu interesse, deparei-me com a cosm\u00e9tica japonesa (J-Beauty), que me cativou com a sua abordagem minimalista e eficaz. No Jap\u00e3o, a beleza \u00e9 vista como uma extens\u00e3o da simplicidade e da harmonia com a natureza. A tradi\u00e7\u00e3o de usar ingredientes como arroz fermentado, \u00f3leo de cam\u00e9lia e algas marinhas reflete um compromisso com a pureza e a qualidade.<\/p><p>Foi aqui que aprendi a valorizar mais ainda o conceito de \u201cmenos \u00e9 mais\u201d. Com poucos produtos \u2013 mas escolhidos a dedo \u2013 \u00e9 poss\u00edvel criar uma rotina que transforma a pele e promove um brilho natural que vem de dentro.<\/p><h3>O Encanto da Tail\u00e2ndia: O Poder da Natureza<\/h3><p>N\u00e3o demorou para que a Tail\u00e2ndia tamb\u00e9m conquistasse o meu cora\u00e7\u00e3o. A cosm\u00e9tica tailandesa \u00e9 profundamente enraizada no uso de ingredientes naturais, muitos dos quais s\u00e3o colhidos localmente em pequenas comunidades. Ingredientes como \u00f3leo de coco virgem, erva-cidreira, tamarindo e curcuma s\u00e3o comuns e t\u00eam propriedades incr\u00edveis para a pele e o cabelo.<\/p><p>O que mais me impressiona na cosm\u00e9tica tailandesa \u00e9 como ela reflete a cultura do pa\u00eds: calorosa, acolhedora e profundamente conectada \u00e0 terra. Cada produto conta uma hist\u00f3ria, e eu adoro poder partilhar essas hist\u00f3rias com quem me acompanha.<\/p><h3>A Cria\u00e7\u00e3o de Um Espa\u00e7o Especial<\/h3><p>Com o tempo, comecei a sentir a necessidade de criar um espa\u00e7o onde pudesse partilhar todas essas descobertas e paix\u00f5es. Foi assim que nasceu a ideia de trazer para os meus clientes os melhores produtos de cosm\u00e9tica asi\u00e1tica, cuidadosamente selecionados e testados por mim mesma. Este n\u00e3o \u00e9 apenas um neg\u00f3cio; \u00e9 uma extens\u00e3o da minha vida, dos meus valores e do meu desejo de fazer com que as pessoas se sintam bem consigo mesmas.<\/p><p>Cada produto que ofere\u00e7o \u00e9 escolhido a dedo, com o objetivo de proporcionar uma experi\u00eancia aut\u00eantica e transformadora. Seja um creme hidratante coreano, um \u00f3leo japon\u00eas ou uma m\u00e1scara tailandesa, tudo \u00e9 pensado para refletir o melhor que estas culturas t\u00eam a oferecer.<\/p><h3>Porque Escolher Cosm\u00e9tica Asi\u00e1tica?<\/h3><p>A cosm\u00e9tica asi\u00e1tica distingue-se por diversos fatores que a tornam \u00fanica:<\/p><ol start=\"1\" data-spread=\"false\"><li><p><strong>Inova\u00e7\u00e3o<\/strong>: As marcas asi\u00e1ticas est\u00e3o na vanguarda da ind\u00fastria da beleza, desenvolvendo produtos inovadores que combinam alta tecnologia com ingredientes naturais.<\/p><\/li><li><p><strong>Cuidado a Longo Prazo<\/strong>: Enquanto muitas marcas ocidentais se concentram em solu\u00e7\u00f5es r\u00e1pidas, a cosm\u00e9tica asi\u00e1tica prioriza a preven\u00e7\u00e3o e o cuidado hol\u00edstico.<\/p><\/li><li><p><strong>Sustentabilidade<\/strong>: Muitas marcas est\u00e3o comprometidas com pr\u00e1ticas sustent\u00e1veis, utilizando embalagens recicl\u00e1veis e promovendo uma produ\u00e7\u00e3o \u00e9tica.<\/p><\/li><li><p><strong>Conex\u00e3o Cultural<\/strong>: Cada produto traz um peda\u00e7o da cultura e das tradi\u00e7\u00f5es locais, oferecendo uma experi\u00eancia enriquecedora.<\/p><\/li><\/ol><h3>A Minha Miss\u00e3o<\/h3><p>A minha miss\u00e3o \u00e9 simples: trazer um peda\u00e7o do Oriente para mais perto de voc\u00eas. Quero que cada cliente se sinta valorizado e inspirado a descobrir o poder de uma boa rotina de cuidados. Mais do que vender produtos, procuro criar uma conex\u00e3o aut\u00eantica, partilhando dicas, truques e a hist\u00f3ria por tr\u00e1s de cada item.<\/p><p>Al\u00e9m disso, acredito na inclus\u00e3o e na acessibilidade. Independentemente do teu tipo de pele, idade ou experi\u00eancia com cosm\u00e9ticos, aqui vais encontrar algo que te complemente e melhore o teu dia.<\/p><h3>O Futuro<\/h3><p>Estou constantemente \u00e0 procura de novas marcas, ingredientes e hist\u00f3rias para partilhar. O mundo da cosm\u00e9tica asi\u00e1tica \u00e9 vasto e est\u00e1 em constante evolu\u00e7\u00e3o, e mal posso esperar para continuar esta jornada contigo.<\/p><p>Se quiseres saber mais sobre mim ou sobre os produtos que ofere\u00e7o, estarei sempre \u00e0 disposi\u00e7\u00e3o para ajudar. Obrigada por fazeres parte desta aventura e por me permitires partilhar um pouco do meu amor pela beleza asi\u00e1tica contigo.<\/p><p>Com carinho,<\/p><p><strong>Neuza Mariano<\/strong><\/p>\t\t\t\t\t\t\t\t<\/div>\n\t\t\t\t<\/div>\n\t\t\t\t\t<\/div>\n\t\t\t\t<\/div>\n\t\t\t\t<\/div>\n\t\t","protected":false},"excerpt":{"rendered":"<p>a melhor cosm\u00e9tica do mundo Sobre a cosm\u00e9tica Asi\u00e1tica A Ind\u00fastria da cosm\u00e9tica Asi\u00e1tica est\u00e1 a \u201canos-luz cosm\u00e9ticos\u201d comparativamente a outras zonas do planeta. \u00c9 na \u00c1sia que nascem as grandes tend\u00eancias na \u00e1rea da beleza, e por consequ\u00eancia todo o mundo anda ao ritmo do Oriente. Pa\u00edses como a Coreia, Tail\u00e2ndia e Jap\u00e3o, onde [&hellip;]<\/p>\n","protected":false},"author":1,"featured_media":0,"parent":0,"menu_order":0,"comment_status":"closed","ping_status":"closed","template":"","meta":{"inline_featured_image":false,"footnotes":""},"class_list":["post-633","page","type-page","status-publish","hentry"],"_links":{"self":[{"href":"https:\/\/neuzamariano.com\/loja\/wp-json\/wp\/v2\/pages\/633","targetHints":{"allow":["GET"]}}],"collection":[{"href":"https:\/\/neuzamariano.com\/loja\/wp-json\/wp\/v2\/pages"}],"about":[{"href":"https:\/\/neuzamariano.com\/loja\/wp-json\/wp\/v2\/types\/page"}],"author":[{"embeddable":true,"href":"https:\/\/neuzamariano.com\/loja\/wp-json\/wp\/v2\/users\/1"}],"replies":[{"embeddable":true,"href":"https:\/\/neuzamariano.com\/loja\/wp-json\/wp\/v2\/comments?post=633"}],"version-history":[{"count":1,"href":"https:\/\/neuzamariano.com\/loja\/wp-json\/wp\/v2\/pages\/633\/revisions"}],"predecessor-version":[{"id":193282,"href":"https:\/\/neuzamariano.com\/loja\/wp-json\/wp\/v2\/pages\/633\/revisions\/193282"}],"wp:attachment":[{"href":"https:\/\/neuzamariano.com\/loja\/wp-json\/wp\/v2\/media?parent=633"}],"curies":[{"name":"wp","href":"https:\/\/api.w.org\/{rel}","templated":true}]}}