{"id":52965,"date":"2021-11-17T21:27:20","date_gmt":"2021-11-17T14:27:20","guid":{"rendered":"https:\/\/neuzamariano.com\/loja-cosmetica-asiatica\/?page_id=52965"},"modified":"2021-11-17T21:29:41","modified_gmt":"2021-11-17T14:29:41","slug":"dentifricos-naturais","status":"publish","type":"page","link":"https:\/\/neuzamariano.com\/loja\/dentifricos-naturais\/","title":{"rendered":"Dent\u00edfricos Naturais"},"content":{"rendered":"\t\t<div data-elementor-type=\"wp-page\" data-elementor-id=\"52965\" class=\"elementor elementor-52965\">\n\t\t\t\t\t\t<section class=\"elementor-section elementor-top-section elementor-element elementor-element-2416848 elementor-section-boxed elementor-section-height-default elementor-section-height-default\" data-id=\"2416848\" data-element_type=\"section\" data-e-type=\"section\">\n\t\t\t\t\t\t<div class=\"elementor-container elementor-column-gap-default\">\n\t\t\t\t\t<div class=\"elementor-column elementor-col-100 elementor-top-column elementor-element elementor-element-789459c\" data-id=\"789459c\" data-element_type=\"column\" data-e-type=\"column\">\n\t\t\t<div class=\"elementor-widget-wrap elementor-element-populated\">\n\t\t\t\t\t\t<div class=\"elementor-element elementor-element-fdd9bb4 elementor-widget elementor-widget-razzi-products-grid\" data-id=\"fdd9bb4\" data-element_type=\"widget\" data-e-type=\"widget\" data-settings=\"{&quot;product_tags&quot;:&quot;dentifricos-naturais&quot;,&quot;per_page&quot;:8,&quot;columns&quot;:4,&quot;products&quot;:&quot;recent&quot;}\" data-widget_type=\"razzi-products-grid.default\">\n\t\t\t\t<div class=\"elementor-widget-container\">\n\t\t\t\t\t\t\t<div class=\"razzi-products-grid woocommerce\">\r\n\t\t\t<div class=\"product-content\"><\/div>\t\t<\/div>\r\n\t\t\t\t\t\t<\/div>\n\t\t\t\t<\/div>\n\t\t\t\t\t<\/div>\n\t\t<\/div>\n\t\t\t\t\t<\/div>\n\t\t<\/section>\n\t\t\t\t<\/div>\n\t\t","protected":false},"excerpt":{"rendered":"<p>Adicionar Olhada r\u00e1pida Adicionar lista de desejos Higiene Dent\u00e1ria Pasta de Dentes Natural Tailandesa Azul \u20ac12,90 Adicionar Adicionar Olhada r\u00e1pida Adicionar lista de desejos Higiene Dent\u00e1ria Pasta de Dentes de Cravo da \u00cdndia \ud83d\ude01 \u20ac17,90 Adicionar Adicionar Olhada r\u00e1pida Adicionar lista de desejos Higiene pessoal Pasta de Dentes Natural Tailandesa \u2013 Carv\u00e3o de coco \u20ac14,90 [&hellip;]<\/p>\n","protected":false},"author":1,"featured_media":0,"parent":0,"menu_order":0,"comment_status":"closed","ping_status":"closed","template":"","meta":{"inline_featured_image":false,"footnotes":""},"class_list":["post-52965","page","type-page","status-publish","hentry"],"_links":{"self":[{"href":"https:\/\/neuzamariano.com\/loja\/wp-json\/wp\/v2\/pages\/52965","targetHints":{"allow":["GET"]}}],"collection":[{"href":"https:\/\/neuzamariano.com\/loja\/wp-json\/wp\/v2\/pages"}],"about":[{"href":"https:\/\/neuzamariano.com\/loja\/wp-json\/wp\/v2\/types\/page"}],"author":[{"embeddable":true,"href":"https:\/\/neuzamariano.com\/loja\/wp-json\/wp\/v2\/users\/1"}],"replies":[{"embeddable":true,"href":"https:\/\/neuzamariano.com\/loja\/wp-json\/wp\/v2\/comments?post=52965"}],"version-history":[{"count":0,"href":"https:\/\/neuzamariano.com\/loja\/wp-json\/wp\/v2\/pages\/52965\/revisions"}],"wp:attachment":[{"href":"https:\/\/neuzamariano.com\/loja\/wp-json\/wp\/v2\/media?parent=52965"}],"curies":[{"name":"wp","href":"https:\/\/api.w.org\/{rel}","templated":true}]}}