{"id":190083,"date":"2025-05-16T15:50:45","date_gmt":"2025-05-16T08:50:45","guid":{"rendered":"https:\/\/neuzamariano.com\/loja\/?page_id=190083"},"modified":"2025-11-12T20:43:02","modified_gmt":"2025-11-12T13:43:02","slug":"suplementos-e-chas-naturais-para-emagrecer-com-saude","status":"publish","type":"page","link":"https:\/\/neuzamariano.com\/loja\/suplementos-e-chas-naturais-para-emagrecer-com-saude\/","title":{"rendered":"Suplementos e Ch\u00e1s Naturais para Emagrecer com Sa\u00fade"},"content":{"rendered":"\t\t<div data-elementor-type=\"wp-page\" data-elementor-id=\"190083\" class=\"elementor elementor-190083\">\n\t\t\t\t<div class=\"elementor-element elementor-element-c247a4a e-flex e-con-boxed e-con e-parent\" data-id=\"c247a4a\" data-element_type=\"container\" data-e-type=\"container\">\n\t\t\t\t\t<div class=\"e-con-inner\">\n\t\t\t\t<div class=\"elementor-element elementor-element-b77d31b elementor-widget elementor-widget-image\" data-id=\"b77d31b\" data-element_type=\"widget\" data-e-type=\"widget\" data-widget_type=\"image.default\">\n\t\t\t\t<div class=\"elementor-widget-container\">\n\t\t\t\t\t\t\t\t\t\t\t\t\t\t\t<img fetchpriority=\"high\" decoding=\"async\" width=\"640\" height=\"427\" src=\"https:\/\/neuzamariano.com\/loja\/wp-content\/uploads\/sites\/2\/2025\/05\/categorias_produtos-1024x683.webp\" class=\"attachment-large size-large wp-image-190095\" alt=\"\" srcset=\"https:\/\/neuzamariano.com\/loja\/wp-content\/uploads\/sites\/2\/2025\/05\/categorias_produtos-1024x683.webp 1024w, https:\/\/neuzamariano.com\/loja\/wp-content\/uploads\/sites\/2\/2025\/05\/categorias_produtos-300x200.webp 300w, https:\/\/neuzamariano.com\/loja\/wp-content\/uploads\/sites\/2\/2025\/05\/categorias_produtos-768x512.webp 768w, https:\/\/neuzamariano.com\/loja\/wp-content\/uploads\/sites\/2\/2025\/05\/categorias_produtos-670x447.webp 670w, https:\/\/neuzamariano.com\/loja\/wp-content\/uploads\/sites\/2\/2025\/05\/categorias_produtos.webp 1536w\" sizes=\"(max-width: 640px) 100vw, 640px\" title=\"\">\t\t\t\t\t\t\t\t\t\t\t\t\t\t\t<\/div>\n\t\t\t\t<\/div>\n\t\t\t\t<div class=\"elementor-element elementor-element-c3b4e40 elementor-widget elementor-widget-text-editor\" data-id=\"c3b4e40\" data-element_type=\"widget\" data-e-type=\"widget\" data-widget_type=\"text-editor.default\">\n\t\t\t\t<div class=\"elementor-widget-container\">\n\t\t\t\t\t\t\t\t\t<p class=\"\" style=\"text-align: left;\" data-start=\"102\" data-end=\"276\">Descobre o equil\u00edbrio perfeito entre sa\u00fade, bem-estar e sabor com as nossas tr\u00eas categorias principais: <strong data-start=\"206\" data-end=\"233\">Suplementos Alimentares<\/strong>, <strong data-start=\"235\" data-end=\"252\">Ch\u00e1s Naturais<\/strong> e <strong data-start=\"255\" data-end=\"275\">Snacks Saud\u00e1veis<\/strong>.<\/p><ul style=\"text-align: left;\" data-start=\"278\" data-end=\"836\"><li class=\"\" data-start=\"278\" data-end=\"485\"><p class=\"\" data-start=\"280\" data-end=\"485\"><strong data-start=\"280\" data-end=\"307\">Suplementos Alimentares<\/strong>: Ideais para complementares a tua alimenta\u00e7\u00e3o, ajudam-te a ter mais energia, apoiar o teu metabolismo, refor\u00e7ar o sistema imunit\u00e1rio ou at\u00e9 dar aquele empurr\u00e3o na perda de peso.<\/p><\/li><li class=\"\" data-start=\"487\" data-end=\"671\"><p class=\"\" data-start=\"489\" data-end=\"671\"><strong data-start=\"489\" data-end=\"497\">Ch\u00e1s<\/strong>: Infus\u00f5es deliciosas e naturais, perfeitas para desintoxicar, relaxar, melhorar a digest\u00e3o ou ajudar no controlo do peso \u2014 sempre com ingredientes cuidadosamente escolhidos.<\/p><\/li><li class=\"\" data-start=\"673\" data-end=\"836\"><p class=\"\" data-start=\"675\" data-end=\"836\"><strong data-start=\"675\" data-end=\"695\">Snacks Saud\u00e1veis<\/strong>: Lanches pr\u00e1ticos, saborosos e nutritivos para o teu dia a dia. \u00d3timos para quando queres algo leve, mas sem abdicar do prazer de comer bem.<\/p><\/li><\/ul><p class=\"\" style=\"text-align: left;\" data-start=\"838\" data-end=\"942\">Explora cada categoria e encontra os teus aliados para uma vida mais leve, equilibrada e cheia de sabor.<\/p>\t\t\t\t\t\t\t\t<\/div>\n\t\t\t\t<\/div>\n\t\t\t\t<div class=\"elementor-element elementor-element-8938496 elementor-widget elementor-widget-razzi-product-tab\" data-id=\"8938496\" data-element_type=\"widget\" data-e-type=\"widget\" data-settings=\"{&quot;slidesToShow&quot;:4,&quot;slidesToScroll&quot;:4,&quot;navigation&quot;:&quot;scrollbar&quot;,&quot;speed&quot;:800}\" data-widget_type=\"razzi-product-tab.default\">\n\t\t\t\t<div class=\"elementor-widget-container\">\n\t\t\t\t\t\t\t<div class=\"razzi-products-tabs razzi-tabs razzi-elementor-product-carousel razzi-swiper-carousel-elementor woocommerce navigation-scrollbar navigation-tablet-scrollbar navigation-mobile-scrollbar tabs-position-top\">\r\n\t\t\t<ul class=\"tabs-header tabs-nav tabs\"> <li><a href=\"#\" data-href=\"product_cat_0\" class=\"active\">Suplementos<\/a><\/li> <li><a href=\"#\" data-href=\"product_cat_1\" class=\"\">Ch\u00e1s e infus\u00f5es <\/a><\/li> <\/ul><div class=\"tabs-content\"><div class=\"tabs-panel tabs-product_cat_0 tab-loaded active\" data-settings=\"{&quot;products&quot;:&quot;recent&quot;,&quot;order&quot;:&quot;&quot;,&quot;orderby&quot;:&quot;&quot;,&quot;per_page&quot;:12,&quot;category&quot;:&quot;suplementos-alimentares&quot;,&quot;paginate&quot;:true}\">  <div class=\"razzi-tabs-button\"><a class=\"razzi-button--underlined\" href=\"\">Ver mais<\/a><\/div> <\/div> <div class=\"tabs-panel tabs-product_cat_1\" data-settings=\"{&quot;products&quot;:&quot;recent&quot;,&quot;order&quot;:&quot;&quot;,&quot;orderby&quot;:&quot;&quot;,&quot;per_page&quot;:12,&quot;category&quot;:&quot;chas-infusoes&quot;,&quot;paginate&quot;:true}\"><div class=\"razzi-tabs-button\"><a class=\"razzi-button--underlined\" href=\"https:\/\/neuzamariano.com\/loja\/categoria\/chas-infusoes\/\">Ver Mais<\/a><\/div><\/div><\/div>\t\t<\/div>\r\n\t\t\t\t\t\t<\/div>\n\t\t\t\t<\/div>\n\t\t\t\t\t<\/div>\n\t\t\t\t<\/div>\n\t\t\t\t<\/div>\n\t\t","protected":false},"excerpt":{"rendered":"<p>Descobre o equil\u00edbrio perfeito entre sa\u00fade, bem-estar e sabor com as nossas tr\u00eas categorias principais: Suplementos Alimentares, Ch\u00e1s Naturais e Snacks Saud\u00e1veis. Suplementos Alimentares: Ideais para complementares a tua alimenta\u00e7\u00e3o, ajudam-te a ter mais energia, apoiar o teu metabolismo, refor\u00e7ar o sistema imunit\u00e1rio ou at\u00e9 dar aquele empurr\u00e3o na perda de peso. Ch\u00e1s: Infus\u00f5es deliciosas [&hellip;]<\/p>\n","protected":false},"author":1,"featured_media":0,"parent":0,"menu_order":0,"comment_status":"closed","ping_status":"closed","template":"","meta":{"inline_featured_image":false,"footnotes":""},"class_list":["post-190083","page","type-page","status-publish","hentry"],"_links":{"self":[{"href":"https:\/\/neuzamariano.com\/loja\/wp-json\/wp\/v2\/pages\/190083","targetHints":{"allow":["GET"]}}],"collection":[{"href":"https:\/\/neuzamariano.com\/loja\/wp-json\/wp\/v2\/pages"}],"about":[{"href":"https:\/\/neuzamariano.com\/loja\/wp-json\/wp\/v2\/types\/page"}],"author":[{"embeddable":true,"href":"https:\/\/neuzamariano.com\/loja\/wp-json\/wp\/v2\/users\/1"}],"replies":[{"embeddable":true,"href":"https:\/\/neuzamariano.com\/loja\/wp-json\/wp\/v2\/comments?post=190083"}],"version-history":[{"count":2,"href":"https:\/\/neuzamariano.com\/loja\/wp-json\/wp\/v2\/pages\/190083\/revisions"}],"predecessor-version":[{"id":192304,"href":"https:\/\/neuzamariano.com\/loja\/wp-json\/wp\/v2\/pages\/190083\/revisions\/192304"}],"wp:attachment":[{"href":"https:\/\/neuzamariano.com\/loja\/wp-json\/wp\/v2\/media?parent=190083"}],"curies":[{"name":"wp","href":"https:\/\/api.w.org\/{rel}","templated":true}]}}